{"id":22055,"date":"2026-01-23T07:37:59","date_gmt":"2026-01-23T07:37:59","guid":{"rendered":"https:\/\/www.groupmrt.com\/?page_id=22055"},"modified":"2026-01-28T17:07:09","modified_gmt":"2026-01-28T17:07:09","slug":"bodrumda-nerede","status":"publish","type":"page","link":"https:\/\/www.groupmrt.com\/?page_id=22055","title":{"rendered":"Bodrum&#8217;da nerede"},"content":{"rendered":"\t\t<div data-elementor-type=\"wp-page\" data-elementor-id=\"22055\" class=\"elementor elementor-22055\">\n\t\t\t\t<div class=\"elementor-element elementor-element-bc9f43d e-flex e-con-boxed e-con e-parent\" data-id=\"bc9f43d\" data-element_type=\"container\" data-e-type=\"container\">\n\t\t\t\t\t<div class=\"e-con-inner\">\n\t\t\t\t<div class=\"elementor-element elementor-element-d0aa34c elementor-widget elementor-widget-heading\" data-id=\"d0aa34c\" data-element_type=\"widget\" data-e-type=\"widget\" data-widget_type=\"heading.default\">\n\t\t\t\t\t<h1 class=\"elementor-heading-title elementor-size-default\">Bodrum B\u00f6lgeleri<\/h1>\t\t\t\t<\/div>\n\t\t\t\t<div class=\"elementor-element elementor-element-fbbfaad elementor-widget__width-initial elementor-widget elementor-widget-text-editor\" data-id=\"fbbfaad\" data-element_type=\"widget\" data-e-type=\"widget\" data-widget_type=\"text-editor.default\">\n\t\t\t\t\t\t\t\t\t<p>Bodrum Yar\u0131madas\u0131, her biri farkl\u0131 ya\u015fam tarz\u0131, do\u011fal yap\u0131 ve konut se\u00e7enekleri sunan bir\u00e7ok b\u00f6lgeden olu\u015fur. Kimi b\u00f6lgeler y\u0131l boyu ya\u015fam i\u00e7in \u00f6ne \u00e7\u0131karken, kimi b\u00f6lgeler daha \u00e7ok yazl\u0131k ve tatil ama\u00e7l\u0131 tercih edilir. Bu sayfada Bodrum\u2019un \u00f6ne \u00e7\u0131kan b\u00f6lgelerini k\u0131sa tan\u0131t\u0131mlar\u0131yla inceleyebilir, ilgilendi\u011finiz b\u00f6lgede yer alan g\u00fcncel emlak ilanlar\u0131na kolayca ula\u015fabilirsiniz. A\u015fa\u011f\u0131da yer alan her b\u00f6lge, kendine \u00f6zg\u00fc \u00f6zellikleriyle farkl\u0131 beklentilere hitap eder.<\/p>\t\t\t\t\t\t\t\t<\/div>\n\t\t\t\t\t<\/div>\n\t\t\t\t<\/div>\n\t\t<div class=\"elementor-element elementor-element-daf58d5 e-flex e-con-boxed e-con e-parent\" data-id=\"daf58d5\" data-element_type=\"container\" data-e-type=\"container\">\n\t\t\t\t\t<div class=\"e-con-inner\">\n\t\t<div class=\"elementor-element elementor-element-baa2d3a e-con-full e-flex e-con e-child\" data-id=\"baa2d3a\" data-element_type=\"container\" data-e-type=\"container\">\n\t\t\t\t<div class=\"elementor-element elementor-element-39a1487 elementor-widget elementor-widget-heading\" data-id=\"39a1487\" data-element_type=\"widget\" data-e-type=\"widget\" data-widget_type=\"heading.default\">\n\t\t\t\t\t<h5 class=\"elementor-heading-title elementor-size-default\">Bodrum merkez<\/h5>\t\t\t\t<\/div>\n\t\t\t\t<div class=\"elementor-element elementor-element-2a01453 elementor-widget elementor-widget-image\" data-id=\"2a01453\" data-element_type=\"widget\" data-e-type=\"widget\" data-widget_type=\"image.default\">\n\t\t\t\t\t\t\t\t\t\t\t\t\t\t\t\t<a href=\"https:\/\/www.groupmrt.com\/bodrum-merkez-satilik-gayrimenkul\/\">\n\t\t\t\t\t\t\t<img fetchpriority=\"high\" decoding=\"async\" width=\"300\" height=\"169\" src=\"https:\/\/www.groupmrt.com\/wp-content\/uploads\/2026\/01\/bodrum-liman-ve-kale.png\" class=\"attachment-medium size-medium wp-image-21563\" alt=\"\" srcset=\"https:\/\/www.groupmrt.com\/wp-content\/uploads\/2026\/01\/bodrum-liman-ve-kale.png 1920w, https:\/\/www.groupmrt.com\/wp-content\/uploads\/2026\/01\/bodrum-liman-ve-kale-1536x864.png 1536w\" sizes=\"(max-width: 300px) 100vw, 300px\" \/>\t\t\t\t\t\t\t\t<\/a>\n\t\t\t\t\t\t\t\t\t\t\t\t\t\t\t<\/div>\n\t\t\t\t<\/div>\n\t\t<div class=\"elementor-element elementor-element-6652e40 e-con-full e-flex e-con e-child\" data-id=\"6652e40\" data-element_type=\"container\" data-e-type=\"container\">\n\t\t\t\t<div class=\"elementor-element elementor-element-e8a36cc elementor-widget elementor-widget-heading\" data-id=\"e8a36cc\" data-element_type=\"widget\" data-e-type=\"widget\" data-widget_type=\"heading.default\">\n\t\t\t\t\t<h5 class=\"elementor-heading-title elementor-size-default\">G\u00fcmbet<\/h5>\t\t\t\t<\/div>\n\t\t\t\t<div class=\"elementor-element elementor-element-281f44c elementor-widget elementor-widget-image\" data-id=\"281f44c\" data-element_type=\"widget\" data-e-type=\"widget\" data-widget_type=\"image.default\">\n\t\t\t\t\t\t\t\t\t\t\t\t\t\t\t\t<a href=\"https:\/\/www.groupmrt.com\/bodrum-gumbet-satilik-gayrimenkul\/\">\n\t\t\t\t\t\t\t<img decoding=\"async\" width=\"300\" height=\"169\" src=\"https:\/\/www.groupmrt.com\/wp-content\/uploads\/2026\/01\/bodrum-gumbet-sahili.jpg\" class=\"attachment-medium size-medium wp-image-22613\" alt=\"\" srcset=\"https:\/\/www.groupmrt.com\/wp-content\/uploads\/2026\/01\/bodrum-gumbet-sahili.jpg 1920w, https:\/\/www.groupmrt.com\/wp-content\/uploads\/2026\/01\/bodrum-gumbet-sahili-1536x864.jpg 1536w\" sizes=\"(max-width: 300px) 100vw, 300px\" \/>\t\t\t\t\t\t\t\t<\/a>\n\t\t\t\t\t\t\t\t\t\t\t\t\t\t\t<\/div>\n\t\t\t\t<\/div>\n\t\t<div class=\"elementor-element elementor-element-c6237a3 e-con-full e-flex e-con e-child\" data-id=\"c6237a3\" data-element_type=\"container\" data-e-type=\"container\">\n\t\t\t\t<div class=\"elementor-element elementor-element-522dd3d elementor-widget elementor-widget-heading\" data-id=\"522dd3d\" data-element_type=\"widget\" data-e-type=\"widget\" data-widget_type=\"heading.default\">\n\t\t\t\t\t<h5 class=\"elementor-heading-title elementor-size-default\">Konac\u0131k<\/h5>\t\t\t\t<\/div>\n\t\t\t\t<div class=\"elementor-element elementor-element-915bc29 elementor-widget elementor-widget-image\" data-id=\"915bc29\" data-element_type=\"widget\" data-e-type=\"widget\" data-widget_type=\"image.default\">\n\t\t\t\t\t\t\t\t\t\t\t\t\t\t\t\t<a href=\"https:\/\/www.groupmrt.com\/bodrum-konacik-satilik-gayrimenkul\/\">\n\t\t\t\t\t\t\t<img decoding=\"async\" width=\"300\" height=\"169\" src=\"https:\/\/www.groupmrt.com\/wp-content\/uploads\/2026\/01\/bodrum-konacik-ana-yol.jpg\" class=\"attachment-medium size-medium wp-image-22617\" alt=\"\" srcset=\"https:\/\/www.groupmrt.com\/wp-content\/uploads\/2026\/01\/bodrum-konacik-ana-yol.jpg 1920w, https:\/\/www.groupmrt.com\/wp-content\/uploads\/2026\/01\/bodrum-konacik-ana-yol-1536x864.jpg 1536w\" sizes=\"(max-width: 300px) 100vw, 300px\" \/>\t\t\t\t\t\t\t\t<\/a>\n\t\t\t\t\t\t\t\t\t\t\t\t\t\t\t<\/div>\n\t\t\t\t<\/div>\n\t\t<div class=\"elementor-element elementor-element-81ec444 e-con-full e-flex e-con e-child\" data-id=\"81ec444\" data-element_type=\"container\" data-e-type=\"container\">\n\t\t\t\t<div class=\"elementor-element elementor-element-22ff8fa elementor-widget elementor-widget-heading\" data-id=\"22ff8fa\" data-element_type=\"widget\" data-e-type=\"widget\" data-widget_type=\"heading.default\">\n\t\t\t\t\t<h5 class=\"elementor-heading-title elementor-size-default\">Bitez<\/h5>\t\t\t\t<\/div>\n\t\t\t\t<div class=\"elementor-element elementor-element-e94d1a4 elementor-widget elementor-widget-image\" data-id=\"e94d1a4\" data-element_type=\"widget\" data-e-type=\"widget\" data-widget_type=\"image.default\">\n\t\t\t\t\t\t\t\t\t\t\t\t\t\t\t\t<a href=\"https:\/\/www.groupmrt.com\/bodrum-bitez-satilik-gayrimenkul\/\">\n\t\t\t\t\t\t\t<img loading=\"lazy\" decoding=\"async\" width=\"300\" height=\"169\" src=\"https:\/\/www.groupmrt.com\/wp-content\/uploads\/2026\/01\/bodrum-bitez-sahili.jpg\" class=\"attachment-medium size-medium wp-image-22594\" alt=\"\" srcset=\"https:\/\/www.groupmrt.com\/wp-content\/uploads\/2026\/01\/bodrum-bitez-sahili.jpg 1920w, https:\/\/www.groupmrt.com\/wp-content\/uploads\/2026\/01\/bodrum-bitez-sahili-1536x864.jpg 1536w\" sizes=\"(max-width: 300px) 100vw, 300px\" \/>\t\t\t\t\t\t\t\t<\/a>\n\t\t\t\t\t\t\t\t\t\t\t\t\t\t\t<\/div>\n\t\t\t\t<\/div>\n\t\t<div class=\"elementor-element elementor-element-362850e e-con-full e-flex e-con e-child\" data-id=\"362850e\" data-element_type=\"container\" data-e-type=\"container\">\n\t\t\t\t<div class=\"elementor-element elementor-element-de7d3db elementor-widget elementor-widget-heading\" data-id=\"de7d3db\" data-element_type=\"widget\" data-e-type=\"widget\" data-widget_type=\"heading.default\">\n\t\t\t\t\t<h5 class=\"elementor-heading-title elementor-size-default\">Ortakent Yah\u015fi<\/h5>\t\t\t\t<\/div>\n\t\t\t\t<div class=\"elementor-element elementor-element-2865507 elementor-widget elementor-widget-image\" data-id=\"2865507\" data-element_type=\"widget\" data-e-type=\"widget\" data-widget_type=\"image.default\">\n\t\t\t\t\t\t\t\t\t\t\t\t\t\t\t\t<a href=\"https:\/\/www.groupmrt.com\/bodrum-ortakent-yahsi-satilik-gayrimenkul\/\">\n\t\t\t\t\t\t\t<img loading=\"lazy\" decoding=\"async\" width=\"300\" height=\"169\" src=\"https:\/\/www.groupmrt.com\/wp-content\/uploads\/2026\/01\/bodrum-ortakent-sahili.jpg\" class=\"attachment-medium size-medium wp-image-22621\" alt=\"\" srcset=\"https:\/\/www.groupmrt.com\/wp-content\/uploads\/2026\/01\/bodrum-ortakent-sahili.jpg 1920w, https:\/\/www.groupmrt.com\/wp-content\/uploads\/2026\/01\/bodrum-ortakent-sahili-1536x864.jpg 1536w\" sizes=\"(max-width: 300px) 100vw, 300px\" \/>\t\t\t\t\t\t\t\t<\/a>\n\t\t\t\t\t\t\t\t\t\t\t\t\t\t\t<\/div>\n\t\t\t\t<\/div>\n\t\t<div class=\"elementor-element elementor-element-65fcd1a e-con-full e-flex e-con e-child\" data-id=\"65fcd1a\" data-element_type=\"container\" data-e-type=\"container\">\n\t\t\t\t<div class=\"elementor-element elementor-element-e641b7b elementor-widget elementor-widget-heading\" data-id=\"e641b7b\" data-element_type=\"widget\" data-e-type=\"widget\" data-widget_type=\"heading.default\">\n\t\t\t\t\t<h5 class=\"elementor-heading-title elementor-size-default\">Turgutreis<\/h5>\t\t\t\t<\/div>\n\t\t\t\t<div class=\"elementor-element elementor-element-af14d9e elementor-widget elementor-widget-image\" data-id=\"af14d9e\" data-element_type=\"widget\" data-e-type=\"widget\" data-widget_type=\"image.default\">\n\t\t\t\t\t\t\t\t\t\t\t\t\t\t\t\t<a href=\"https:\/\/www.groupmrt.com\/bodrum-turgutreis-satilik-gayrimenkul\/\">\n\t\t\t\t\t\t\t<img loading=\"lazy\" decoding=\"async\" width=\"300\" height=\"169\" src=\"https:\/\/www.groupmrt.com\/wp-content\/uploads\/2026\/01\/bodrum-gumbet-sahili-2.jpg\" class=\"attachment-medium size-medium wp-image-22623\" alt=\"\" srcset=\"https:\/\/www.groupmrt.com\/wp-content\/uploads\/2026\/01\/bodrum-gumbet-sahili-2.jpg 1920w, https:\/\/www.groupmrt.com\/wp-content\/uploads\/2026\/01\/bodrum-gumbet-sahili-2-1536x864.jpg 1536w\" sizes=\"(max-width: 300px) 100vw, 300px\" \/>\t\t\t\t\t\t\t\t<\/a>\n\t\t\t\t\t\t\t\t\t\t\t\t\t\t\t<\/div>\n\t\t\t\t<\/div>\n\t\t\t\t\t<\/div>\n\t\t\t\t<\/div>\n\t\t\t\t<\/div>\n\t\t","protected":false},"excerpt":{"rendered":"<p>Bodrum B\u00f6lgeleri Bodrum Yar\u0131madas\u0131, her biri farkl\u0131 ya\u015fam tarz\u0131, do\u011fal yap\u0131 ve konut se\u00e7enekleri sunan bir\u00e7ok b\u00f6lgeden olu\u015fur. Kimi b\u00f6lgeler y\u0131l boyu ya\u015fam i\u00e7in \u00f6ne \u00e7\u0131karken, kimi b\u00f6lgeler daha \u00e7ok yazl\u0131k ve tatil ama\u00e7l\u0131 tercih edilir. Bu sayfada Bodrum\u2019un \u00f6ne \u00e7\u0131kan b\u00f6lgelerini k\u0131sa tan\u0131t\u0131mlar\u0131yla inceleyebilir, ilgilendi\u011finiz b\u00f6lgede yer alan g\u00fcncel emlak ilanlar\u0131na kolayca ula\u015fabilirsiniz. A\u015fa\u011f\u0131da [&hellip;]<\/p>\n","protected":false},"author":1,"featured_media":0,"parent":0,"menu_order":0,"comment_status":"closed","ping_status":"closed","template":"elementor_header_footer","meta":{"footnotes":""},"class_list":["post-22055","page","type-page","status-publish","hentry"],"_links":{"self":[{"href":"https:\/\/www.groupmrt.com\/index.php?rest_route=\/wp\/v2\/pages\/22055","targetHints":{"allow":["GET"]}}],"collection":[{"href":"https:\/\/www.groupmrt.com\/index.php?rest_route=\/wp\/v2\/pages"}],"about":[{"href":"https:\/\/www.groupmrt.com\/index.php?rest_route=\/wp\/v2\/types\/page"}],"author":[{"embeddable":true,"href":"https:\/\/www.groupmrt.com\/index.php?rest_route=\/wp\/v2\/users\/1"}],"replies":[{"embeddable":true,"href":"https:\/\/www.groupmrt.com\/index.php?rest_route=%2Fwp%2Fv2%2Fcomments&post=22055"}],"version-history":[{"count":70,"href":"https:\/\/www.groupmrt.com\/index.php?rest_route=\/wp\/v2\/pages\/22055\/revisions"}],"predecessor-version":[{"id":22855,"href":"https:\/\/www.groupmrt.com\/index.php?rest_route=\/wp\/v2\/pages\/22055\/revisions\/22855"}],"wp:attachment":[{"href":"https:\/\/www.groupmrt.com\/index.php?rest_route=%2Fwp%2Fv2%2Fmedia&parent=22055"}],"curies":[{"name":"wp","href":"https:\/\/api.w.org\/{rel}","templated":true}]}}